{"id":36,"date":"2025-06-13T13:28:51","date_gmt":"2025-06-13T13:28:51","guid":{"rendered":"https:\/\/marknadsmaterial.treeofpets.se\/?page_id=36"},"modified":"2026-03-25T14:40:52","modified_gmt":"2026-03-25T14:40:52","slug":"reklamera","status":"publish","type":"page","link":"https:\/\/marknadsmaterial.treeofpets.se\/index.php\/reklamera\/","title":{"rendered":"Reklamera"},"content":{"rendered":"\n<p>H\u00e4r kan du som \u00e4r \u00e5terf\u00f6rs\u00e4ljare reklamera transportskadade eller trasiga varor. Alla trasiga varor ska rapporteras&nbsp;till supportavdelningen, samma dag leveransen ankommer (absolut senast dagen efter).<\/p>\n\n\n\n<p class=\"has-medium-font-size\"><small>(M\u00e4rk v\u00e4l att endast transportskador d\u00e4r skadan utg\u00f6r ett h\u00e5l, kan reklameras.<\/small>)<\/p>\n\n\n<style id=\"wpforms-css-vars-38-block-97e8450e-4da2-499f-890a-1cc834600bb4\">\n\t\t\t\t#wpforms-38.wpforms-block-97e8450e-4da2-499f-890a-1cc834600bb4 {\n\t\t\t\t--wpforms-label-color: #262626;\n--wpforms-label-sublabel-color: #7f7f7f;\n--wpforms-label-error-color: #ff0000;\n--wpforms-page-break-color: #dddddd;\n--wpforms-field-border-radius: 0px;\n--wpforms-field-border-color: #cccccc;\n--wpforms-field-border-color-spare: #cccccc;\n--wpforms-field-text-color: #444444;\n--wpforms-button-border-style: solid;\n--wpforms-button-border-radius: 0px;\n--wpforms-button-background-color: #dddddd;\n--wpforms-button-text-color: #666666;\n--wpforms-button-border-color: #cccccc;\n--wpforms-field-size-input-height: 43px;\n--wpforms-field-size-input-spacing: 15px;\n--wpforms-field-size-font-size: 16px;\n--wpforms-field-size-line-height: 19px;\n--wpforms-field-size-padding-h: 14px;\n--wpforms-field-size-checkbox-size: 16px;\n--wpforms-field-size-sublabel-spacing: 5px;\n--wpforms-field-size-icon-size: 1;\n--wpforms-label-size-font-size: 14px;\n--wpforms-label-size-line-height: 17px;\n--wpforms-label-size-sublabel-font-size: 13px;\n--wpforms-label-size-sublabel-line-height: 16px;\n--wpforms-button-size-font-size: 17px;\n--wpforms-button-size-height: 41px;\n--wpforms-button-size-padding-h: 15px;\n--wpforms-button-size-margin-top: 10px;\n\t\t\t}\n\t\t\t<\/style><div class=\"wpforms-container wpforms-container-full wpforms-block wpforms-block-97e8450e-4da2-499f-890a-1cc834600bb4 wpforms-render-modern\" id=\"wpforms-38\"><form id=\"wpforms-form-38\" class=\"wpforms-validate wpforms-form wpforms-ajax-form\" data-formid=\"38\" method=\"post\" enctype=\"multipart\/form-data\" action=\"\/index.php\/wp-json\/wp\/v2\/pages\/36\" data-token=\"2f3aaca37a7a68f82fc035560a0f7ced\" data-token-time=\"1777500537\"><noscript class=\"wpforms-error-noscript\">Please enable JavaScript in your browser to complete this form.<\/noscript><div id=\"wpforms-error-noscript\" style=\"display: none;\">Please enable JavaScript in your browser to complete this form.<\/div><div class=\"wpforms-field-container\">\t\t<div id=\"wpforms-38-field_5-container\"\n\t\t\tclass=\"wpforms-field wpforms-field-text\"\n\t\t\tdata-field-type=\"text\"\n\t\t\tdata-field-id=\"5\"\n\t\t\t>\n\t\t\t<label class=\"wpforms-field-label\" for=\"wpforms-38-field_5\" >chauff\u00f6r skada p\u00e5<\/label>\n\t\t\t<input type=\"text\" id=\"wpforms-38-field_5\" class=\"wpforms-field-medium\" name=\"wpforms[fields][5]\" >\n\t\t<\/div>\n\t\t<div id=\"wpforms-38-field_1-container\" class=\"wpforms-field wpforms-field-text\" data-field-id=\"1\"><label class=\"wpforms-field-label\" for=\"wpforms-38-field_1\">Butikens namn <span class=\"wpforms-required-label\" aria-hidden=\"true\">*<\/span><\/label><input type=\"text\" id=\"wpforms-38-field_1\" class=\"wpforms-field-medium wpforms-field-required\" name=\"wpforms[fields][1]\" aria-errormessage=\"wpforms-38-field_1-error\" required><\/div><div id=\"wpforms-38-field_2-container\" class=\"wpforms-field wpforms-field-text\" data-field-id=\"2\"><label class=\"wpforms-field-label\" for=\"wpforms-38-field_2\">Kontaktperson: <span class=\"wpforms-required-label\" aria-hidden=\"true\">*<\/span><\/label><input type=\"text\" id=\"wpforms-38-field_2\" class=\"wpforms-field-medium wpforms-field-required\" name=\"wpforms[fields][2]\" aria-errormessage=\"wpforms-38-field_2-error\" aria-describedby=\"wpforms-38-field_2-description\" required><div id=\"wpforms-38-field_2-description\" class=\"wpforms-field-description\">Vem kontaktas vid fr\u00e5gor<\/div><\/div><div id=\"wpforms-38-field_3-container\" class=\"wpforms-field wpforms-field-email\" data-field-id=\"3\"><label class=\"wpforms-field-label\" for=\"wpforms-38-field_3\">Epost <span class=\"wpforms-required-label\" aria-hidden=\"true\">*<\/span><\/label><input type=\"email\" id=\"wpforms-38-field_3\" class=\"wpforms-field-medium wpforms-field-required\" name=\"wpforms[fields][3]\" spellcheck=\"false\" aria-errormessage=\"wpforms-38-field_3-error\" required><\/div><div id=\"wpforms-38-field_4-container\" class=\"wpforms-field wpforms-field-text\" data-field-id=\"4\"><label class=\"wpforms-field-label\" for=\"wpforms-38-field_4\">Butikens kundnummer <span class=\"wpforms-required-label\" aria-hidden=\"true\">*<\/span><\/label><input type=\"text\" id=\"wpforms-38-field_4\" class=\"wpforms-field-medium wpforms-field-required\" name=\"wpforms[fields][4]\" aria-errormessage=\"wpforms-38-field_4-error\" required><\/div><div id=\"wpforms-38-field_15-container\" class=\"wpforms-field wpforms-field-text\" data-field-id=\"15\"><label class=\"wpforms-field-label\" for=\"wpforms-38-field_15\">Tree of Pets ordernummer: <span class=\"wpforms-required-label\" aria-hidden=\"true\">*<\/span><\/label><input type=\"text\" id=\"wpforms-38-field_15\" class=\"wpforms-field-medium wpforms-field-required\" name=\"wpforms[fields][15]\" aria-errormessage=\"wpforms-38-field_15-error\" required><\/div><div id=\"wpforms-38-field_16-container\" class=\"wpforms-field wpforms-field-textarea\" data-field-id=\"16\"><label class=\"wpforms-field-label\" for=\"wpforms-38-field_16\">Skadad produkt <span class=\"wpforms-required-label\" aria-hidden=\"true\">*<\/span><\/label><textarea id=\"wpforms-38-field_16\" class=\"wpforms-field-medium wpforms-field-required\" name=\"wpforms[fields][16]\" aria-errormessage=\"wpforms-38-field_16-error\" aria-describedby=\"wpforms-38-field_16-description\" required><\/textarea><div id=\"wpforms-38-field_16-description\" class=\"wpforms-field-description\">1031 EUK Dog Medium 15kg x 2st<\/div><\/div><div id=\"wpforms-38-field_17-container\" class=\"wpforms-field wpforms-field-select wpforms-field-select-style-classic\" data-field-id=\"17\"><label class=\"wpforms-field-label\" for=\"wpforms-38-field_17\">Typ av skada p\u00e5 varan\/varorna <span class=\"wpforms-required-label\" aria-hidden=\"true\">*<\/span><\/label><select id=\"wpforms-38-field_17\" class=\"wpforms-field-medium wpforms-field-required\" name=\"wpforms[fields][17]\" required=\"required\"><option value=\"\" class=\"placeholder\" disabled  selected='selected'>&#8212; Select Choice &#8212;<\/option><option value=\"Transportskada\"  class=\"choice-1 depth-1\"  >Transportskada<\/option><option value=\"Trasig fr\u00e5n leverant\u00f6r\"  class=\"choice-2 depth-1\"  >Trasig fr\u00e5n leverant\u00f6r<\/option><\/select><\/div><div id=\"wpforms-38-field_18-container\" class=\"wpforms-field wpforms-field-textarea\" data-field-id=\"18\"><label class=\"wpforms-field-label\" for=\"wpforms-38-field_18\">Skadebeskrivning av varan\/varorna <span class=\"wpforms-required-label\" aria-hidden=\"true\">*<\/span><\/label><textarea id=\"wpforms-38-field_18\" class=\"wpforms-field-medium wpforms-field-required\" name=\"wpforms[fields][18]\" aria-errormessage=\"wpforms-38-field_18-error\" aria-describedby=\"wpforms-38-field_18-description\" required><\/textarea><div id=\"wpforms-38-field_18-description\" class=\"wpforms-field-description\">Ange t. ex var skadan sitter p\u00e5 f\u00f6rpackningen. <\/div><\/div><div id=\"wpforms-38-field_21-container\" class=\"wpforms-field wpforms-field-select wpforms-field-select-style-classic\" data-field-id=\"21\"><label class=\"wpforms-field-label\" for=\"wpforms-38-field_21\">Typ av skada p\u00e5 pallen\/emballaget (copy) <span class=\"wpforms-required-label\" aria-hidden=\"true\">*<\/span><\/label><select id=\"wpforms-38-field_21\" class=\"wpforms-field-medium wpforms-field-required\" name=\"wpforms[fields][21]\" required=\"required\"><option value=\"\" class=\"placeholder\" disabled  selected='selected'>&#8212; Select Choice &#8212;<\/option><option value=\"Truckgaffelskada\"  class=\"choice-1 depth-1\"  >Truckgaffelskada<\/option><option value=\"Topplastat\"  class=\"choice-2 depth-1\"  >Topplastat<\/option><option value=\"Omlastad i postbur\"  class=\"choice-3 depth-1\"  >Omlastad i postbur<\/option><option value=\"Reva l\u00e4ngst sidan av pallen\"  class=\"choice-4 depth-1\"  >Reva l\u00e4ngst sidan av pallen<\/option><option value=\"\u00d6vrigt\"  class=\"choice-5 depth-1\"  >\u00d6vrigt<\/option><\/select><\/div><div id=\"wpforms-38-field_20-container\" class=\"wpforms-field wpforms-field-textarea\" data-field-id=\"20\"><label class=\"wpforms-field-label\" for=\"wpforms-38-field_20\">Skadebeskrivning av pallen <span class=\"wpforms-required-label\" aria-hidden=\"true\">*<\/span><\/label><textarea id=\"wpforms-38-field_20\" class=\"wpforms-field-medium wpforms-field-required\" name=\"wpforms[fields][20]\" aria-errormessage=\"wpforms-38-field_20-error\" aria-describedby=\"wpforms-38-field_20-description\" required><\/textarea><div id=\"wpforms-38-field_20-description\" class=\"wpforms-field-description\">Ange t. ex var skadan sitter p\u00e5 pallen.<\/div><\/div><div id=\"wpforms-38-field_19-container\" class=\"wpforms-field wpforms-field-select wpforms-field-select-style-classic\" data-field-id=\"19\"><label class=\"wpforms-field-label\" for=\"wpforms-38-field_19\">Skadan \u00e4r noterad av chauff\u00f6r <span class=\"wpforms-required-label\" aria-hidden=\"true\">*<\/span><\/label><select id=\"wpforms-38-field_19\" class=\"wpforms-field-medium wpforms-field-required\" name=\"wpforms[fields][19]\" required=\"required\"><option value=\"\" class=\"placeholder\" disabled  selected='selected'>&#8212; Select Choice &#8212;<\/option><option value=\"Ja\"  class=\"choice-1 depth-1\"  >Ja<\/option><option value=\"Nej\"  class=\"choice-2 depth-1\"  >Nej<\/option><option value=\"Avst\u00e4lld utan kvittens\"  class=\"choice-3 depth-1\"  >Avst\u00e4lld utan kvittens<\/option><\/select><\/div><div id=\"wpforms-38-field_22-container\" class=\"wpforms-field wpforms-field-radio\" data-field-id=\"22\"><fieldset><legend class=\"wpforms-field-label\">\u00d6nskad ers\u00e4ttning <span class=\"wpforms-required-label\" aria-hidden=\"true\">*<\/span><\/legend><ul id=\"wpforms-38-field_22\" class=\"wpforms-field-required\"><li class=\"choice-1 depth-1\"><input type=\"radio\" id=\"wpforms-38-field_22_1\" name=\"wpforms[fields][22]\" value=\"Kredit\" aria-errormessage=\"wpforms-38-field_22_1-error\" required ><label class=\"wpforms-field-label-inline\" for=\"wpforms-38-field_22_1\">Kredit<\/label><\/li><li class=\"choice-2 depth-1\"><input type=\"radio\" id=\"wpforms-38-field_22_2\" name=\"wpforms[fields][22]\" value=\"Ny vara\/varor p\u00e5 f\u00f6rorder\" aria-errormessage=\"wpforms-38-field_22_2-error\" required ><label class=\"wpforms-field-label-inline\" for=\"wpforms-38-field_22_2\">Ny vara\/varor p\u00e5 f\u00f6rorder<\/label><\/li><\/ul><\/fieldset><\/div><div id=\"wpforms-38-field_14-container\" class=\"wpforms-field wpforms-field-file\" data-field-id=\"14\"><label class=\"wpforms-field-label\" for=\"wpforms-38-field_14\">Ladda upp en bild p\u00e5 transportskadan <span class=\"wpforms-required-label\" aria-hidden=\"true\">*<\/span><\/label><input type=\"file\" id=\"wpforms-38-field_14\" class=\"wpforms-field-medium wpforms-field-required\" name=\"wpforms[fields][14]\" aria-errormessage=\"wpforms-38-field_14-error\" required><\/div><div id=\"wpforms-38-field_24-container\" class=\"wpforms-field wpforms-field-file\" data-field-id=\"24\"><label class=\"wpforms-field-label\" for=\"wpforms-38-field_24\">Ladda upp en bild p\u00e5 transportskadan<\/label><input type=\"file\" id=\"wpforms-38-field_24\" class=\"wpforms-field-medium\" name=\"wpforms[fields][24]\" aria-errormessage=\"wpforms-38-field_24-error\" ><\/div><div id=\"wpforms-38-field_25-container\" class=\"wpforms-field wpforms-field-file\" data-field-id=\"25\"><label class=\"wpforms-field-label\" for=\"wpforms-38-field_25\">Ladda upp en bild p\u00e5 transportskadan<\/label><input type=\"file\" id=\"wpforms-38-field_25\" class=\"wpforms-field-medium\" name=\"wpforms[fields][25]\" aria-errormessage=\"wpforms-38-field_25-error\" ><\/div><div id=\"wpforms-38-field_26-container\" class=\"wpforms-field wpforms-field-file\" data-field-id=\"26\"><label class=\"wpforms-field-label\" for=\"wpforms-38-field_26\">Ladda upp en bild p\u00e5 transportskadan<\/label><input type=\"file\" id=\"wpforms-38-field_26\" class=\"wpforms-field-medium\" name=\"wpforms[fields][26]\" aria-errormessage=\"wpforms-38-field_26-error\" ><\/div><div id=\"wpforms-38-field_27-container\" class=\"wpforms-field wpforms-field-file\" data-field-id=\"27\"><label class=\"wpforms-field-label\" for=\"wpforms-38-field_27\">Ladda upp en bild p\u00e5 transportskadan<\/label><input type=\"file\" id=\"wpforms-38-field_27\" class=\"wpforms-field-medium\" name=\"wpforms[fields][27]\" aria-errormessage=\"wpforms-38-field_27-error\" ><\/div><div id=\"wpforms-38-field_23-container\" class=\"wpforms-field wpforms-field-textarea\" data-field-id=\"23\"><label class=\"wpforms-field-label\" for=\"wpforms-38-field_23\">Ev. meddelande till Tree of Pets<\/label><textarea id=\"wpforms-38-field_23\" class=\"wpforms-field-medium\" name=\"wpforms[fields][23]\" aria-errormessage=\"wpforms-38-field_23-error\" ><\/textarea><\/div><script>\n\t\t\t\t( function() {\n\t\t\t\t\tconst style = document.createElement( 'style' );\n\t\t\t\t\tstyle.appendChild( document.createTextNode( '#wpforms-38-field_5-container { position: absolute !important; overflow: hidden !important; display: inline !important; height: 1px !important; width: 1px !important; z-index: -1000 !important; padding: 0 !important; } #wpforms-38-field_5-container input { visibility: hidden; } #wpforms-conversational-form-page #wpforms-38-field_5-container label { counter-increment: none; }' ) );\n\t\t\t\t\tdocument.head.appendChild( style );\n\t\t\t\t\tdocument.currentScript?.remove();\n\t\t\t\t} )();\n\t\t\t<\/script><\/div><!-- .wpforms-field-container --><div class=\"wpforms-submit-container\" ><input type=\"hidden\" name=\"wpforms[id]\" value=\"38\"><input type=\"hidden\" name=\"page_title\" value=\"\"><input type=\"hidden\" name=\"page_url\" value=\"https:\/\/marknadsmaterial.treeofpets.se\/index.php\/wp-json\/wp\/v2\/pages\/36\"><input type=\"hidden\" name=\"url_referer\" value=\"\"><button type=\"submit\" name=\"wpforms[submit]\" id=\"wpforms-submit-38\" class=\"wpforms-submit\" data-alt-text=\"Skickar...\" data-submit-text=\"Skicka\" aria-live=\"assertive\" value=\"wpforms-submit\">Skicka<\/button><img loading=\"lazy\" decoding=\"async\" src=\"https:\/\/marknadsmaterial.treeofpets.se\/wp-content\/plugins\/wpforms-lite\/assets\/images\/submit-spin.svg\" class=\"wpforms-submit-spinner\" style=\"display: none;\" width=\"26\" height=\"26\" alt=\"Loading\"><\/div><\/form><\/div>  <!-- .wpforms-container -->","protected":false},"excerpt":{"rendered":"<p>H\u00e4r kan du som \u00e4r \u00e5terf\u00f6rs\u00e4ljare reklamera transportskadade eller trasiga varor. Alla trasiga varor ska rapporteras&nbsp;till supportavdelningen, samma dag leveransen ankommer (absolut senast dagen efter). (M\u00e4rk v\u00e4l att endast transportskador d\u00e4r skadan utg\u00f6r ett h\u00e5l, kan reklameras.)<\/p>\n","protected":false},"author":1,"featured_media":0,"parent":0,"menu_order":0,"comment_status":"closed","ping_status":"closed","template":"","meta":{"footnotes":""},"class_list":["post-36","page","type-page","status-publish","hentry"],"_links":{"self":[{"href":"https:\/\/marknadsmaterial.treeofpets.se\/index.php\/wp-json\/wp\/v2\/pages\/36","targetHints":{"allow":["GET"]}}],"collection":[{"href":"https:\/\/marknadsmaterial.treeofpets.se\/index.php\/wp-json\/wp\/v2\/pages"}],"about":[{"href":"https:\/\/marknadsmaterial.treeofpets.se\/index.php\/wp-json\/wp\/v2\/types\/page"}],"author":[{"embeddable":true,"href":"https:\/\/marknadsmaterial.treeofpets.se\/index.php\/wp-json\/wp\/v2\/users\/1"}],"replies":[{"embeddable":true,"href":"https:\/\/marknadsmaterial.treeofpets.se\/index.php\/wp-json\/wp\/v2\/comments?post=36"}],"version-history":[{"count":8,"href":"https:\/\/marknadsmaterial.treeofpets.se\/index.php\/wp-json\/wp\/v2\/pages\/36\/revisions"}],"predecessor-version":[{"id":67,"href":"https:\/\/marknadsmaterial.treeofpets.se\/index.php\/wp-json\/wp\/v2\/pages\/36\/revisions\/67"}],"wp:attachment":[{"href":"https:\/\/marknadsmaterial.treeofpets.se\/index.php\/wp-json\/wp\/v2\/media?parent=36"}],"curies":[{"name":"wp","href":"https:\/\/api.w.org\/{rel}","templated":true}]}}